{"id":104,"date":"2022-03-15T10:58:22","date_gmt":"2022-03-15T10:58:22","guid":{"rendered":"http:\/\/tomkristensen.net\/?page_id=104"},"modified":"2024-10-16T20:53:41","modified_gmt":"2024-10-16T20:53:41","slug":"about","status":"publish","type":"page","link":"https:\/\/tomkristensen.net\/?page_id=104","title":{"rendered":"About"},"content":{"rendered":"\n<div class=\"wp-block-media-text alignwide has-media-on-the-right is-stacked-on-mobile\"><div class=\"wp-block-media-text__content\">\n<p style=\"font-size:15px\">I live in Rold, Denmark with my wife and our two kids. The garden is inhabited by 9 chickens, two goats, one fierce rabbit and a couple of elves.<\/p>\n\n\n\n<p style=\"font-size:15px\">I&#8217;ve been working as a freelance illustrator since 2010 and along the way I&#8217;ve written a couple of comics as well. I have illustrated 60+ books. Below are a few titles. <\/p>\n\n\n\n<p><\/p>\n<\/div><figure class=\"wp-block-media-text__media\"><img loading=\"lazy\" decoding=\"async\" width=\"768\" height=\"1024\" src=\"https:\/\/tomkristensen.net\/wp-content\/uploads\/2024\/06\/1000002767-768x1024.jpg\" alt=\"\" class=\"wp-image-422 size-full\" srcset=\"https:\/\/tomkristensen.net\/wp-content\/uploads\/2024\/06\/1000002767-768x1024.jpg 768w, https:\/\/tomkristensen.net\/wp-content\/uploads\/2024\/06\/1000002767-225x300.jpg 225w, https:\/\/tomkristensen.net\/wp-content\/uploads\/2024\/06\/1000002767-1152x1536.jpg 1152w, https:\/\/tomkristensen.net\/wp-content\/uploads\/2024\/06\/1000002767-1536x2048.jpg 1536w, https:\/\/tomkristensen.net\/wp-content\/uploads\/2024\/06\/1000002767-220x293.jpg 220w, https:\/\/tomkristensen.net\/wp-content\/uploads\/2024\/06\/1000002767-scaled.jpg 1920w\" sizes=\"auto, (max-width: 768px) 100vw, 768px\" \/><\/figure><\/div>\n\n\n\n<div class=\"wp-block-columns is-layout-flex wp-container-core-columns-is-layout-9d6595d7 wp-block-columns-is-layout-flex\">\n<div class=\"wp-block-column is-layout-flow wp-block-column-is-layout-flow\" style=\"flex-basis:50%\">\n<p class=\"has-small-font-size\"><strong>Selected comics \/ graphic novels<\/strong><br>X fra det ydre rum, Lars kramh\u00f8ft og Tom Kristensen, Alinea, 2020<br>Portal, Lars kramh\u00f8ft og Tom Kristensen, Alinea, 2019<br>Fandenivoldsk, Lars kramh\u00f8ft og Tom Kristensen, Fahrenheit, 2018<br>Martin, Tom Kristensen, Eksistensen, 2017<\/p>\n\n\n\n<p class=\"has-small-font-size\"><strong>Selected illustrated books<\/strong><br>Den der snyder, Peter Mouritzen, Jensen &amp; Dalgaard, 2021<br>Roboys serien, Emil Blichfeldt, Calibat, 2020<br>Det var tider, Peter Mouritzen, Jensen &amp; Dalgaard, 2019<br>Mig og Julle, Lotte Salling, Dafolo 2019<br>Farlig togtur, Kit A. Rasmussen, Alinea, 2018<br>Mekano Max og tidsmaskinen, Brian P. \u00d8rnb\u00f8l, Calibat, 2018<\/p>\n<\/div>\n\n\n\n<div class=\"wp-block-column is-layout-flow wp-block-column-is-layout-flow\" style=\"flex-basis:50%\">\n<p class=\"has-small-font-size\"><strong>Other<\/strong><br>2020 Work grant, Danish Arts Foundation, Crafts and Design<br>2020 Work grant, Danish Arts Foundation, Literature<br>2019 Work grant, Danish Arts Foundation, Literature<br>2018 Work grant, Danish Arts Foundation, Literature<br>2018 Award, Claus Deleuran prisen, Best Danish Comic artist<br>2017 Work grant, Danish Arts Foundation, Literature<br>2017 Comic exhibition, Vestervang Church, Viborg<br>2017 Comic exhibition , KunstSkabet, B\u00f8rkop<br>2016 Work grant, Danish Arts Foundation, Literature<br>2014 Work grant, Danish Arts Foundation, Literature<br>2014 Award, Best Danish Horror Publication for Made Flesh with writer Lars Kramh\u00f8ft<br>2012 Work grant, Danish Arts Foundation, Literature<\/p>\n<\/div>\n<\/div>\n\n\n\n<p class=\"has-text-align-center has-small-font-size\">Mail: tomtegner@gmail.com<br>Phone:+45 21 93 62 36<\/p>\n\n\n\n<p class=\"has-text-align-center has-small-font-size\">CVR: 35299807<\/p>\n\n\n\n<p><strong><em>Tekst, grafik, billeder, lyd samt andet indhold p\u00e5 dette website er beskyttet efter lov om ophavsret. Tom Kristensen forbeholder sig alle rettigheder til indholdet, herunder retten til at udnytte indholdet med henblik p\u00e5 tekst- og datamining, jf. ophavsretslovens \u00a7 11 b og DSM-direktivets artikel 4.<\/em><\/strong><\/p>\n\n\n\n<div class=\"wp-block-media-text is-stacked-on-mobile\"><figure class=\"wp-block-media-text__media\"><img loading=\"lazy\" decoding=\"async\" width=\"1024\" height=\"1024\" src=\"https:\/\/tomkristensen.net\/wp-content\/uploads\/2024\/06\/1000002847-1024x1024.webp\" alt=\"\" class=\"wp-image-425 size-full\" srcset=\"https:\/\/tomkristensen.net\/wp-content\/uploads\/2024\/06\/1000002847-1024x1024.webp 1024w, https:\/\/tomkristensen.net\/wp-content\/uploads\/2024\/06\/1000002847-300x300.webp 300w, https:\/\/tomkristensen.net\/wp-content\/uploads\/2024\/06\/1000002847-150x150.webp 150w, https:\/\/tomkristensen.net\/wp-content\/uploads\/2024\/06\/1000002847-768x768.webp 768w, https:\/\/tomkristensen.net\/wp-content\/uploads\/2024\/06\/1000002847-100x100.webp 100w, https:\/\/tomkristensen.net\/wp-content\/uploads\/2024\/06\/1000002847-50x50.webp 50w, https:\/\/tomkristensen.net\/wp-content\/uploads\/2024\/06\/1000002847-220x220.webp 220w, https:\/\/tomkristensen.net\/wp-content\/uploads\/2024\/06\/1000002847.webp 1080w\" sizes=\"auto, (max-width: 1024px) 100vw, 1024px\" \/><\/figure><div class=\"wp-block-media-text__content\">\n<p><\/p>\n<\/div><\/div>\n","protected":false},"excerpt":{"rendered":"<p>I live in Rold, Denmark with my wife and our two kids. The garden is inhabited by 9 chickens, two goats, one fierce rabbit and a couple of elves. I&#8217;ve been working as a freelance illustrator since 2010 and along the way I&#8217;ve written a couple of comics as well. I have illustrated 60+ books. [&hellip;]<\/p>\n","protected":false},"author":1,"featured_media":0,"parent":0,"menu_order":0,"comment_status":"closed","ping_status":"closed","template":"","meta":{"ngg_post_thumbnail":0,"footnotes":""},"class_list":["post-104","page","type-page","status-publish","hentry"],"_links":{"self":[{"href":"https:\/\/tomkristensen.net\/index.php?rest_route=\/wp\/v2\/pages\/104","targetHints":{"allow":["GET"]}}],"collection":[{"href":"https:\/\/tomkristensen.net\/index.php?rest_route=\/wp\/v2\/pages"}],"about":[{"href":"https:\/\/tomkristensen.net\/index.php?rest_route=\/wp\/v2\/types\/page"}],"author":[{"embeddable":true,"href":"https:\/\/tomkristensen.net\/index.php?rest_route=\/wp\/v2\/users\/1"}],"replies":[{"embeddable":true,"href":"https:\/\/tomkristensen.net\/index.php?rest_route=%2Fwp%2Fv2%2Fcomments&post=104"}],"version-history":[{"count":29,"href":"https:\/\/tomkristensen.net\/index.php?rest_route=\/wp\/v2\/pages\/104\/revisions"}],"predecessor-version":[{"id":429,"href":"https:\/\/tomkristensen.net\/index.php?rest_route=\/wp\/v2\/pages\/104\/revisions\/429"}],"wp:attachment":[{"href":"https:\/\/tomkristensen.net\/index.php?rest_route=%2Fwp%2Fv2%2Fmedia&parent=104"}],"curies":[{"name":"wp","href":"https:\/\/api.w.org\/{rel}","templated":true}]}}